{"id":56,"date":"2023-05-23T19:08:08","date_gmt":"2023-05-23T19:08:08","guid":{"rendered":"https:\/\/cideea.org\/?page_id=56"},"modified":"2024-06-11T20:16:54","modified_gmt":"2024-06-11T20:16:54","slug":"capacitacion","status":"publish","type":"page","link":"https:\/\/cideea.org\/en\/capacitacion\/","title":{"rendered":"TRAINING"},"content":{"rendered":"<p>[et_pb_section fb_built=&#8221;1&#8243; admin_label=&#8221;Hero&#8221; _builder_version=&#8221;4.21.2&#8243; background_color=&#8221;rgba(0,0,0,0.4)&#8221; background_image=&#8221;https:\/\/cideea.org\/wp-content\/uploads\/2023\/08\/farm-salmon-fishing-in-norway-2021-08-27-09-43-11-utc-scaled-1.jpg&#8221; background_position=&#8221;top_left&#8221; background_blend=&#8221;overlay&#8221; custom_padding=&#8221;70px|||||&#8221; global_colors_info=&#8221;{}&#8221;][et_pb_row column_structure=&#8221;1_3,1_3,1_3&#8243; _builder_version=&#8221;4.16&#8243; custom_padding=&#8221;70px|||&#8221; locked=&#8221;off&#8221; global_colors_info=&#8221;{}&#8221;][et_pb_column type=&#8221;1_3&#8243; _builder_version=&#8221;4.16&#8243; custom_padding=&#8221;0px|||0px|false|false&#8221; global_colors_info=&#8221;{}&#8221; custom_padding__hover=&#8221;|||&#8221;][et_pb_blurb title=&#8221;DIPLOMADOS&#8221; use_icon=&#8221;on&#8221; font_icon=&#8221;&#xf15c;||fa||400&#8243; icon_color=&#8221;#FFFFFF&#8221; image_icon_background_color=&#8221;rgba(255,255,255,0)&#8221; image_icon_width=&#8221;60px&#8221; title_tablet=&#8221;DIPLOMADOS&#8221; title_phone=&#8221;DIPLOMADOS&#8221; title_last_edited=&#8221;on|desktop&#8221; _builder_version=&#8221;4.16&#8243; header_font=&#8221;Poppins|700||on|||||&#8221; header_text_color=&#8221;#FFFFFF&#8221; header_font_size=&#8221;24px&#8221; body_font=&#8221;Montserrat||||||||&#8221; body_text_color=&#8221;#FFFFFF&#8221; body_font_size=&#8221;16px&#8221; background_enable_color=&#8221;off&#8221; text_orientation=&#8221;center&#8221; custom_margin=&#8221;0px|||0px|false|false&#8221; custom_padding=&#8221;20px|10px|0px|10px|false|false&#8221; border_radii=&#8221;on|20px|20px|20px|20px&#8221; icon_font_size=&#8221;60px&#8221; global_colors_info=&#8221;{}&#8221;][\/et_pb_blurb][\/et_pb_column][et_pb_column type=&#8221;1_3&#8243; _builder_version=&#8221;4.16&#8243; custom_padding=&#8221;|||&#8221; global_colors_info=&#8221;{}&#8221; custom_padding__hover=&#8221;|||&#8221;][et_pb_blurb title=&#8221;CURSOS&#8221; url=&#8221;#cursos&#8221; use_icon=&#8221;on&#8221; font_icon=&#8221;&#xe022;||divi||400&#8243; icon_color=&#8221;#FFFFFF&#8221; image_icon_background_color=&#8221;rgba(255,255,255,0)&#8221; image_icon_width=&#8221;60px&#8221; _builder_version=&#8221;4.21.2&#8243; header_font=&#8221;Poppins|700||on|||||&#8221; header_text_color=&#8221;#FFFFFF&#8221; header_font_size=&#8221;24px&#8221; body_font=&#8221;Montserrat||||||||&#8221; body_text_color=&#8221;#FFFFFF&#8221; body_font_size=&#8221;16px&#8221; background_enable_color=&#8221;off&#8221; text_orientation=&#8221;center&#8221; custom_margin=&#8221;0px|||0px|false|false&#8221; custom_padding=&#8221;20px|10px|0px|10px|false|false&#8221; border_radii=&#8221;on|20px|20px|20px|20px&#8221; icon_font_size=&#8221;60px&#8221; global_colors_info=&#8221;{}&#8221;][\/et_pb_blurb][\/et_pb_column][et_pb_column type=&#8221;1_3&#8243; _builder_version=&#8221;4.16&#8243; custom_padding=&#8221;|||&#8221; global_colors_info=&#8221;{}&#8221; custom_padding__hover=&#8221;|||&#8221;][et_pb_blurb title=&#8221;CHARLAS&#8221; use_icon=&#8221;on&#8221; font_icon=&#8221;&#xe01b;||divi||400&#8243; icon_color=&#8221;#FFFFFF&#8221; image_icon_background_color=&#8221;rgba(255,255,255,0)&#8221; image_icon_width=&#8221;60px&#8221; _builder_version=&#8221;4.16&#8243; header_font=&#8221;Poppins|700||on|||||&#8221; header_text_color=&#8221;#FFFFFF&#8221; header_font_size=&#8221;24px&#8221; body_font=&#8221;Montserrat||||||||&#8221; body_text_color=&#8221;#FFFFFF&#8221; body_font_size=&#8221;16px&#8221; background_enable_color=&#8221;off&#8221; text_orientation=&#8221;center&#8221; custom_margin=&#8221;0px|||0px|false|false&#8221; custom_padding=&#8221;20px|10px|0px|10px|false|false&#8221; border_radii=&#8221;on|20px|20px|20px|20px&#8221; icon_font_size=&#8221;60px&#8221; global_colors_info=&#8221;{}&#8221;][\/et_pb_blurb][\/et_pb_column][\/et_pb_row][\/et_pb_section][et_pb_section fb_built=&#8221;1&#8243; _builder_version=&#8221;4.21.2&#8243; _module_preset=&#8221;default&#8221; global_colors_info=&#8221;{}&#8221;][et_pb_row column_structure=&#8221;1_2,1_2&#8243; _builder_version=&#8221;4.21.2&#8243; _module_preset=&#8221;default&#8221; max_width=&#8221;none&#8221; custom_margin=&#8221;||0px||false|false&#8221; hover_enabled=&#8221;0&#8243; global_colors_info=&#8221;{}&#8221; sticky_enabled=&#8221;0&#8243;][et_pb_column type=&#8221;1_2&#8243; _builder_version=&#8221;4.21.2&#8243; _module_preset=&#8221;default&#8221; background_color=&#8221;#f4f4f4&#8243; global_colors_info=&#8221;{}&#8221;][et_pb_blurb title=&#8221;Curso Digital&#8221; url=&#8221;https:\/\/cideea.org\/curso\/&#8221; image=&#8221;https:\/\/cideea.org\/wp-content\/uploads\/2024\/01\/imagen_2024-01-16_165246011.png&#8221; image_icon_width=&#8221;78%&#8221; _builder_version=&#8221;4.21.2&#8243; _module_preset=&#8221;default&#8221; header_font=&#8221;|700|||||||&#8221; header_text_align=&#8221;center&#8221; header_text_color=&#8221;#0C71C3&#8243; header_font_size=&#8221;2vw&#8221; body_font=&#8221;|600|||||||&#8221; body_text_align=&#8221;center&#8221; body_text_color=&#8221;#000000&#8243; body_font_size=&#8221;1.8vw&#8221; body_line_height=&#8221;1.4em&#8221; background_color=&#8221;#f4f4f4&#8243; custom_margin=&#8221;||2px||false|false&#8221; custom_padding=&#8221;1vw||1vw||true|false&#8221; hover_enabled=&#8221;0&#8243; header_font_size_tablet=&#8221;4vw&#8221; header_font_size_phone=&#8221;6vw&#8221; header_font_size_last_edited=&#8221;on|tablet&#8221; body_font_size_tablet=&#8221;3vw&#8221; body_font_size_phone=&#8221;4vw&#8221; body_font_size_last_edited=&#8221;on|desktop&#8221; global_colors_info=&#8221;{}&#8221; width__hover_enabled=&#8221;off|desktop&#8221; sticky_enabled=&#8221;0&#8243;]<\/p>\n<p>Visi\u00f3n integral de la sanidad acu\u00edcola<\/p>\n<p>[\/et_pb_blurb][et_pb_button button_url=&#8221;https:\/\/cideea.org\/capacitacion\/curso\/&#8221; button_text=&#8221;ME INTERESA ESTE CURSO&#8221; button_alignment=&#8221;center&#8221; _builder_version=&#8221;4.21.2&#8243; _module_preset=&#8221;default&#8221; custom_button=&#8221;on&#8221; button_text_size=&#8221;1vw&#8221; button_text_color=&#8221;#ffffff&#8221; button_bg_color=&#8221;#085bc1&#8243; button_border_width=&#8221;0px&#8221; button_border_radius=&#8221;3vw&#8221; button_font=&#8221;Nunito|800|||||||&#8221; button_use_icon=&#8221;off&#8221; custom_margin=&#8221;0px||1vw||false|false&#8221; custom_margin_tablet=&#8221;|||0vw|false|false&#8221; custom_margin_phone=&#8221;|||0vw|false|false&#8221; custom_margin_last_edited=&#8221;on|tablet&#8221; custom_padding=&#8221;1.1vw|2vw|1.1vw|2vw|true|true&#8221; button_text_size_tablet=&#8221;3.7vw&#8221; button_text_size_phone=&#8221;3.7vw&#8221; button_text_size_last_edited=&#8221;on|tablet&#8221; locked=&#8221;off&#8221; global_colors_info=&#8221;{}&#8221; hover_enabled=&#8221;0&#8243; sticky_enabled=&#8221;0&#8243;][\/et_pb_button][\/et_pb_column][et_pb_column type=&#8221;1_2&#8243; _builder_version=&#8221;4.21.2&#8243; _module_preset=&#8221;default&#8221; background_color=&#8221;#f4f4f4&#8243; global_colors_info=&#8221;{}&#8221;][et_pb_blurb title=&#8221;Curso Digital&#8221; url=&#8221;https:\/\/cideea.org\/curso\/&#8221; image=&#8221;https:\/\/cideea.org\/wp-content\/uploads\/2024\/06\/imagen_2024-06-11_141458848.png&#8221; image_icon_width=&#8221;78%&#8221; _builder_version=&#8221;4.21.2&#8243; _module_preset=&#8221;default&#8221; header_font=&#8221;|700|||||||&#8221; header_text_align=&#8221;center&#8221; header_text_color=&#8221;#0C71C3&#8243; header_font_size=&#8221;2vw&#8221; body_font=&#8221;|600|||||||&#8221; body_text_align=&#8221;center&#8221; body_text_color=&#8221;#000000&#8243; body_font_size=&#8221;1.8vw&#8221; body_line_height=&#8221;1.4em&#8221; background_color=&#8221;#f4f4f4&#8243; custom_margin=&#8221;||2px||false|false&#8221; custom_padding=&#8221;1vw||1vw||true|false&#8221; hover_enabled=&#8221;0&#8243; header_font_size_tablet=&#8221;4vw&#8221; header_font_size_phone=&#8221;6vw&#8221; header_font_size_last_edited=&#8221;on|tablet&#8221; body_font_size_tablet=&#8221;3vw&#8221; body_font_size_phone=&#8221;4vw&#8221; body_font_size_last_edited=&#8221;on|desktop&#8221; global_colors_info=&#8221;{}&#8221; width__hover_enabled=&#8221;off|desktop&#8221; sticky_enabled=&#8221;0&#8243; title_text=&#8221;imagen_2024-06-11_141458848&#8243;]<\/p>\n<p>ASPECTOS SANITARIO EN LA CAMARONICULTURA E INTERPRETACI\u00d3N DE RESULTADOS<\/p>\n<p>[\/et_pb_blurb][et_pb_button button_url=&#8221;https:\/\/cideea.org\/capacitacion\/curso-camaronicultura\/&#8221; button_text=&#8221;ME INTERESA ESTE CURSO&#8221; button_alignment=&#8221;center&#8221; _builder_version=&#8221;4.21.2&#8243; _module_preset=&#8221;default&#8221; custom_button=&#8221;on&#8221; button_text_size=&#8221;1vw&#8221; button_text_color=&#8221;#ffffff&#8221; button_bg_color=&#8221;#085bc1&#8243; button_border_width=&#8221;0px&#8221; button_border_radius=&#8221;3vw&#8221; button_font=&#8221;Nunito|800|||||||&#8221; button_use_icon=&#8221;off&#8221; custom_margin=&#8221;0px||1vw||false|false&#8221; custom_margin_tablet=&#8221;|||0vw|false|false&#8221; custom_margin_phone=&#8221;|||0vw|false|false&#8221; custom_margin_last_edited=&#8221;on|tablet&#8221; custom_padding=&#8221;1.1vw|2vw|1.1vw|2vw|true|true&#8221; button_text_size_tablet=&#8221;3.7vw&#8221; button_text_size_phone=&#8221;3.7vw&#8221; button_text_size_last_edited=&#8221;on|tablet&#8221; locked=&#8221;off&#8221; global_colors_info=&#8221;{}&#8221; hover_enabled=&#8221;0&#8243; sticky_enabled=&#8221;0&#8243;][\/et_pb_button][\/et_pb_column][\/et_pb_row][\/et_pb_section]<\/p>","protected":false},"excerpt":{"rendered":"<p>Visi\u00f3n integral de la sanidad acu\u00edcolaASPECTOS SANITARIO EN LA CAMARONICULTURA E INTERPRETACI\u00d3N DE RESULTADOS<\/p>","protected":false},"author":1,"featured_media":0,"parent":0,"menu_order":0,"comment_status":"closed","ping_status":"closed","template":"","meta":{"_et_pb_use_builder":"on","_et_pb_old_content":"<!-- wp:divi\/placeholder \/-->","_et_gb_content_width":"","footnotes":""},"class_list":["post-56","page","type-page","status-publish","hentry"],"yoast_head":"<!-- This site is optimized with the Yoast SEO plugin v21.8 - https:\/\/yoast.com\/wordpress\/plugins\/seo\/ -->\n<title>CAPACITACI\u00d3N - CIDEEA<\/title>\n<meta name=\"robots\" content=\"index, follow, max-snippet:-1, max-image-preview:large, max-video-preview:-1\" \/>\n<link rel=\"canonical\" href=\"https:\/\/cideea.org\/en\/capacitacion\/\" \/>\n<meta property=\"og:locale\" content=\"en_US\" \/>\n<meta property=\"og:type\" content=\"article\" \/>\n<meta property=\"og:title\" content=\"CAPACITACI\u00d3N - CIDEEA\" \/>\n<meta property=\"og:description\" content=\"Visi\u00f3n integral de la sanidad acu\u00edcolaASPECTOS SANITARIO EN LA CAMARONICULTURA E INTERPRETACI\u00d3N DE RESULTADOS\" \/>\n<meta property=\"og:url\" content=\"https:\/\/cideea.org\/en\/capacitacion\/\" \/>\n<meta property=\"og:site_name\" content=\"CIDEEA\" \/>\n<meta property=\"article:publisher\" content=\"https:\/\/www.facebook.com\/CIDEEA?mibextid=LQQJ4d\" \/>\n<meta property=\"article:modified_time\" content=\"2024-06-11T20:16:54+00:00\" \/>\n<meta name=\"twitter:card\" content=\"summary_large_image\" \/>\n<meta name=\"twitter:label1\" content=\"Est. reading time\" \/>\n\t<meta name=\"twitter:data1\" content=\"5 minutes\" \/>\n<script type=\"application\/ld+json\" class=\"yoast-schema-graph\">{\"@context\":\"https:\/\/schema.org\",\"@graph\":[{\"@type\":\"WebPage\",\"@id\":\"https:\/\/cideea.org\/capacitacion\/\",\"url\":\"https:\/\/cideea.org\/capacitacion\/\",\"name\":\"CAPACITACI\u00d3N - CIDEEA\",\"isPartOf\":{\"@id\":\"https:\/\/cideea.org\/#website\"},\"datePublished\":\"2023-05-23T19:08:08+00:00\",\"dateModified\":\"2024-06-11T20:16:54+00:00\",\"breadcrumb\":{\"@id\":\"https:\/\/cideea.org\/capacitacion\/#breadcrumb\"},\"inLanguage\":\"en-US\",\"potentialAction\":[{\"@type\":\"ReadAction\",\"target\":[\"https:\/\/cideea.org\/capacitacion\/\"]}]},{\"@type\":\"BreadcrumbList\",\"@id\":\"https:\/\/cideea.org\/capacitacion\/#breadcrumb\",\"itemListElement\":[{\"@type\":\"ListItem\",\"position\":1,\"name\":\"Portada\",\"item\":\"https:\/\/cideea.org\/\"},{\"@type\":\"ListItem\",\"position\":2,\"name\":\"CAPACITACI\u00d3N\"}]},{\"@type\":\"WebSite\",\"@id\":\"https:\/\/cideea.org\/#website\",\"url\":\"https:\/\/cideea.org\/\",\"name\":\"CIDEEA\",\"description\":\"\",\"publisher\":{\"@id\":\"https:\/\/cideea.org\/#organization\"},\"potentialAction\":[{\"@type\":\"SearchAction\",\"target\":{\"@type\":\"EntryPoint\",\"urlTemplate\":\"https:\/\/cideea.org\/?s={search_term_string}\"},\"query-input\":\"required name=search_term_string\"}],\"inLanguage\":\"en-US\"},{\"@type\":\"Organization\",\"@id\":\"https:\/\/cideea.org\/#organization\",\"name\":\"CIDEEA\",\"url\":\"https:\/\/cideea.org\/\",\"logo\":{\"@type\":\"ImageObject\",\"inLanguage\":\"en-US\",\"@id\":\"https:\/\/cideea.org\/#\/schema\/logo\/image\/\",\"url\":\"https:\/\/cideea.org\/wp-content\/uploads\/2023\/10\/Diseno-sin-titulo-1.png\",\"contentUrl\":\"https:\/\/cideea.org\/wp-content\/uploads\/2023\/10\/Diseno-sin-titulo-1.png\",\"width\":371,\"height\":358,\"caption\":\"CIDEEA\"},\"image\":{\"@id\":\"https:\/\/cideea.org\/#\/schema\/logo\/image\/\"},\"sameAs\":[\"https:\/\/www.facebook.com\/CIDEEA?mibextid=LQQJ4d\",\"https:\/\/www.instagram.com\/cideeapanama?igsh=YWdmN252MmN1bWdr\",\"https:\/\/www.linkedin.com\/company\/cideea\/\",\"https:\/\/youtube.com\/@cideeapanama?si=WKpS-inJ__9SwUni\"]}]}<\/script>\n<!-- \/ Yoast SEO plugin. -->","yoast_head_json":{"title":"CAPACITACI\u00d3N - CIDEEA","robots":{"index":"index","follow":"follow","max-snippet":"max-snippet:-1","max-image-preview":"max-image-preview:large","max-video-preview":"max-video-preview:-1"},"canonical":"https:\/\/cideea.org\/en\/capacitacion\/","og_locale":"en_US","og_type":"article","og_title":"CAPACITACI\u00d3N - CIDEEA","og_description":"Visi\u00f3n integral de la sanidad acu\u00edcolaASPECTOS SANITARIO EN LA CAMARONICULTURA E INTERPRETACI\u00d3N DE RESULTADOS","og_url":"https:\/\/cideea.org\/en\/capacitacion\/","og_site_name":"CIDEEA","article_publisher":"https:\/\/www.facebook.com\/CIDEEA?mibextid=LQQJ4d","article_modified_time":"2024-06-11T20:16:54+00:00","twitter_card":"summary_large_image","twitter_misc":{"Est. reading time":"5 minutes"},"schema":{"@context":"https:\/\/schema.org","@graph":[{"@type":"WebPage","@id":"https:\/\/cideea.org\/capacitacion\/","url":"https:\/\/cideea.org\/capacitacion\/","name":"CAPACITACI\u00d3N - CIDEEA","isPartOf":{"@id":"https:\/\/cideea.org\/#website"},"datePublished":"2023-05-23T19:08:08+00:00","dateModified":"2024-06-11T20:16:54+00:00","breadcrumb":{"@id":"https:\/\/cideea.org\/capacitacion\/#breadcrumb"},"inLanguage":"en-US","potentialAction":[{"@type":"ReadAction","target":["https:\/\/cideea.org\/capacitacion\/"]}]},{"@type":"BreadcrumbList","@id":"https:\/\/cideea.org\/capacitacion\/#breadcrumb","itemListElement":[{"@type":"ListItem","position":1,"name":"Portada","item":"https:\/\/cideea.org\/"},{"@type":"ListItem","position":2,"name":"CAPACITACI\u00d3N"}]},{"@type":"WebSite","@id":"https:\/\/cideea.org\/#website","url":"https:\/\/cideea.org\/","name":"CIDEEA","description":"","publisher":{"@id":"https:\/\/cideea.org\/#organization"},"potentialAction":[{"@type":"SearchAction","target":{"@type":"EntryPoint","urlTemplate":"https:\/\/cideea.org\/?s={search_term_string}"},"query-input":"required name=search_term_string"}],"inLanguage":"en-US"},{"@type":"Organization","@id":"https:\/\/cideea.org\/#organization","name":"CIDEEA","url":"https:\/\/cideea.org\/","logo":{"@type":"ImageObject","inLanguage":"en-US","@id":"https:\/\/cideea.org\/#\/schema\/logo\/image\/","url":"https:\/\/cideea.org\/wp-content\/uploads\/2023\/10\/Diseno-sin-titulo-1.png","contentUrl":"https:\/\/cideea.org\/wp-content\/uploads\/2023\/10\/Diseno-sin-titulo-1.png","width":371,"height":358,"caption":"CIDEEA"},"image":{"@id":"https:\/\/cideea.org\/#\/schema\/logo\/image\/"},"sameAs":["https:\/\/www.facebook.com\/CIDEEA?mibextid=LQQJ4d","https:\/\/www.instagram.com\/cideeapanama?igsh=YWdmN252MmN1bWdr","https:\/\/www.linkedin.com\/company\/cideea\/","https:\/\/youtube.com\/@cideeapanama?si=WKpS-inJ__9SwUni"]}]}},"_links":{"self":[{"href":"https:\/\/cideea.org\/en\/wp-json\/wp\/v2\/pages\/56","targetHints":{"allow":["GET"]}}],"collection":[{"href":"https:\/\/cideea.org\/en\/wp-json\/wp\/v2\/pages"}],"about":[{"href":"https:\/\/cideea.org\/en\/wp-json\/wp\/v2\/types\/page"}],"author":[{"embeddable":true,"href":"https:\/\/cideea.org\/en\/wp-json\/wp\/v2\/users\/1"}],"replies":[{"embeddable":true,"href":"https:\/\/cideea.org\/en\/wp-json\/wp\/v2\/comments?post=56"}],"version-history":[{"count":25,"href":"https:\/\/cideea.org\/en\/wp-json\/wp\/v2\/pages\/56\/revisions"}],"predecessor-version":[{"id":1521,"href":"https:\/\/cideea.org\/en\/wp-json\/wp\/v2\/pages\/56\/revisions\/1521"}],"wp:attachment":[{"href":"https:\/\/cideea.org\/en\/wp-json\/wp\/v2\/media?parent=56"}],"curies":[{"name":"wp","href":"https:\/\/api.w.org\/{rel}","templated":true}]}}