{"id":1525,"date":"2024-12-08T22:40:30","date_gmt":"2024-12-08T22:40:30","guid":{"rendered":"https:\/\/cideea.org\/?page_id=1525"},"modified":"2025-07-09T16:43:47","modified_gmt":"2025-07-09T16:43:47","slug":"informes-y-estudios","status":"publish","type":"page","link":"https:\/\/cideea.org\/en\/informes-y-estudios\/","title":{"rendered":"Informes y Estudios"},"content":{"rendered":"<div data-elementor-type=\"wp-page\" data-elementor-id=\"1525\" class=\"elementor elementor-1525\">\n\t\t\t\t<div class=\"elementor-element elementor-element-32641bef e-con-full e-flex e-con e-parent\" data-id=\"32641bef\" data-element_type=\"container\" data-settings=\"{&quot;background_background&quot;:&quot;classic&quot;}\">\n\t\t\t\t<div class=\"elementor-element elementor-element-6d13bf5 elementor-widget__width-initial elementor-widget elementor-widget-heading\" data-id=\"6d13bf5\" data-element_type=\"widget\" data-widget_type=\"heading.default\">\n\t\t\t\t<div class=\"elementor-widget-container\">\n\t\t\t<h1 class=\"elementor-heading-title elementor-size-default\">DESCARGA NUESTROS MAS RECIENTES ESTUDIOS E INVESTIGACIONES<\/h1>\t\t<\/div>\n\t\t\t\t<\/div>\n\t\t\t\t<\/div>\n\t\t<div class=\"elementor-element elementor-element-f8dbad2 e-con-full e-flex e-con e-parent\" data-id=\"f8dbad2\" data-element_type=\"container\">\n\t\t<div class=\"elementor-element elementor-element-fb3eee5 e-grid e-con-full e-con e-child\" data-id=\"fb3eee5\" data-element_type=\"container\">\n\t\t<div class=\"elementor-element elementor-element-b78885e e-con-full e-flex e-con e-child\" data-id=\"b78885e\" data-element_type=\"container\" data-settings=\"{&quot;background_background&quot;:&quot;classic&quot;}\">\n\t\t\t\t<div class=\"elementor-element elementor-element-8428f57 elementor-widget__width-inherit elementor-widget elementor-widget-image\" data-id=\"8428f57\" data-element_type=\"widget\" data-widget_type=\"image.default\">\n\t\t\t\t<div class=\"elementor-widget-container\">\n\t\t\t\t\t\t\t\t\t\t\t\t\t<img fetchpriority=\"high\" decoding=\"async\" width=\"1088\" height=\"1053\" src=\"https:\/\/cideea.org\/wp-content\/uploads\/2025\/06\/03a8dacd-72a0-4616-852c-1076280dab57.jpeg\" class=\"attachment-full size-full wp-image-1943\" alt=\"\" srcset=\"https:\/\/cideea.org\/wp-content\/uploads\/2025\/06\/03a8dacd-72a0-4616-852c-1076280dab57.jpeg 1088w, https:\/\/cideea.org\/wp-content\/uploads\/2025\/06\/03a8dacd-72a0-4616-852c-1076280dab57-980x948.jpeg 980w, https:\/\/cideea.org\/wp-content\/uploads\/2025\/06\/03a8dacd-72a0-4616-852c-1076280dab57-480x465.jpeg 480w\" sizes=\"(min-width: 0px) and (max-width: 480px) 480px, (min-width: 481px) and (max-width: 980px) 980px, (min-width: 981px) 1088px, 100vw\" \/>\t\t\t\t\t\t\t\t\t\t\t\t\t<\/div>\n\t\t\t\t<\/div>\n\t\t\t\t<div class=\"elementor-element elementor-element-62b1454 elementor-widget elementor-widget-heading\" data-id=\"62b1454\" data-element_type=\"widget\" data-widget_type=\"heading.default\">\n\t\t\t\t<div class=\"elementor-widget-container\">\n\t\t\t<h2 class=\"elementor-heading-title elementor-size-default\">LA ACUICULTURA EN BRASIL:\nUNA ACTIVIDAD EN DESARROLLO, CON IMPORTANTES PROMESAS Y GRANDES DESAF\u00cdOS\n\u200b<\/h2>\t\t<\/div>\n\t\t\t\t<\/div>\n\t\t\t\t<div class=\"elementor-element elementor-element-b769b87 elementor-widget elementor-widget-heading\" data-id=\"b769b87\" data-element_type=\"widget\" data-widget_type=\"heading.default\">\n\t\t\t\t<div class=\"elementor-widget-container\">\n\t\t\t<h2 class=\"elementor-heading-title elementor-size-default\">By: Carlos Wurmann G<\/h2>\t\t<\/div>\n\t\t\t\t<\/div>\n\t\t\t\t<div class=\"elementor-element elementor-element-357b2aa elementor-align-center elementor-widget elementor-widget-button\" data-id=\"357b2aa\" data-element_type=\"widget\" data-widget_type=\"button.default\">\n\t\t\t\t<div class=\"elementor-widget-container\">\n\t\t\t\t\t\t\t<div class=\"elementor-button-wrapper\">\n\t\t\t\t\t<a class=\"elementor-button elementor-button-link elementor-size-sm elementor-animation-grow\" href=\"https:\/\/cideea.org\/en\/informes-y-estudios\/la-acuicultura-en-brasil\/\">\n\t\t\t\t\t\t<span class=\"elementor-button-content-wrapper\">\n\t\t\t\t\t\t\t\t\t<span class=\"elementor-button-text\">VER M\u00c1S<\/span>\n\t\t\t\t\t<\/span>\n\t\t\t\t\t<\/a>\n\t\t\t\t<\/div>\n\t\t\t\t\t\t<\/div>\n\t\t\t\t<\/div>\n\t\t\t\t<\/div>\n\t\t<div class=\"elementor-element elementor-element-56acdd9 e-con-full e-flex e-con e-child\" data-id=\"56acdd9\" data-element_type=\"container\" data-settings=\"{&quot;background_background&quot;:&quot;classic&quot;}\">\n\t\t\t\t<div class=\"elementor-element elementor-element-80d0723 elementor-widget__width-inherit elementor-widget elementor-widget-image\" data-id=\"80d0723\" data-element_type=\"widget\" data-widget_type=\"image.default\">\n\t\t\t\t<div class=\"elementor-widget-container\">\n\t\t\t\t\t\t\t\t\t\t\t\t\t<img decoding=\"async\" width=\"1920\" height=\"1080\" src=\"https:\/\/cideea.org\/wp-content\/uploads\/2025\/02\/Procesamiento-02.png\" class=\"attachment-full size-full wp-image-1903\" alt=\"\" srcset=\"https:\/\/cideea.org\/wp-content\/uploads\/2025\/02\/Procesamiento-02.png 1920w, https:\/\/cideea.org\/wp-content\/uploads\/2025\/02\/Procesamiento-02-1280x720.png 1280w, https:\/\/cideea.org\/wp-content\/uploads\/2025\/02\/Procesamiento-02-980x551.png 980w, https:\/\/cideea.org\/wp-content\/uploads\/2025\/02\/Procesamiento-02-480x270.png 480w\" sizes=\"(min-width: 0px) and (max-width: 480px) 480px, (min-width: 481px) and (max-width: 980px) 980px, (min-width: 981px) and (max-width: 1280px) 1280px, (min-width: 1281px) 1920px, 100vw\" \/>\t\t\t\t\t\t\t\t\t\t\t\t\t<\/div>\n\t\t\t\t<\/div>\n\t\t\t\t<div class=\"elementor-element elementor-element-fe08425 elementor-widget elementor-widget-heading\" data-id=\"fe08425\" data-element_type=\"widget\" data-widget_type=\"heading.default\">\n\t\t\t\t<div class=\"elementor-widget-container\">\n\t\t\t<h2 class=\"elementor-heading-title elementor-size-default\">CHILEAN FISHERIES AND AQUACULTURE: THIRTY YEARS OF ACTIVITIES, DISAPPOINTMENTS AND PROGRESS <\/h2>\t\t<\/div>\n\t\t\t\t<\/div>\n\t\t\t\t<div class=\"elementor-element elementor-element-aa353fa elementor-widget elementor-widget-heading\" data-id=\"aa353fa\" data-element_type=\"widget\" data-widget_type=\"heading.default\">\n\t\t\t\t<div class=\"elementor-widget-container\">\n\t\t\t<h2 class=\"elementor-heading-title elementor-size-default\">By: Carlos Wurmann G<\/h2>\t\t<\/div>\n\t\t\t\t<\/div>\n\t\t\t\t<div class=\"elementor-element elementor-element-d70e750 elementor-align-center elementor-widget elementor-widget-button\" data-id=\"d70e750\" data-element_type=\"widget\" data-widget_type=\"button.default\">\n\t\t\t\t<div class=\"elementor-widget-container\">\n\t\t\t\t\t\t\t<div class=\"elementor-button-wrapper\">\n\t\t\t\t\t<a class=\"elementor-button elementor-button-link elementor-size-sm elementor-animation-grow\" href=\"https:\/\/cideea.org\/en\/informes-y-estudios\/la-pesca-y-acuicultura-chilena-treinta-anos-de-actividades-desencantos-y-progresos\/\">\n\t\t\t\t\t\t<span class=\"elementor-button-content-wrapper\">\n\t\t\t\t\t\t\t\t\t<span class=\"elementor-button-text\">VER M\u00c1S<\/span>\n\t\t\t\t\t<\/span>\n\t\t\t\t\t<\/a>\n\t\t\t\t<\/div>\n\t\t\t\t\t\t<\/div>\n\t\t\t\t<\/div>\n\t\t\t\t<\/div>\n\t\t<div class=\"elementor-element elementor-element-56114e0 e-con-full e-flex e-con e-child\" data-id=\"56114e0\" data-element_type=\"container\" data-settings=\"{&quot;background_background&quot;:&quot;classic&quot;}\">\n\t\t\t\t<div class=\"elementor-element elementor-element-0afb904 elementor-widget__width-inherit elementor-widget elementor-widget-image\" data-id=\"0afb904\" data-element_type=\"widget\" data-widget_type=\"image.default\">\n\t\t\t\t<div class=\"elementor-widget-container\">\n\t\t\t\t\t\t\t\t\t\t\t\t\t<img decoding=\"async\" width=\"2560\" height=\"1707\" src=\"https:\/\/cideea.org\/wp-content\/uploads\/2025\/01\/salmon-fishing-farm-pools-in-faroe-islands-fjords-2023-11-27-05-18-33-utc-scaled.jpg\" class=\"attachment-full size-full wp-image-1728\" alt=\"\" srcset=\"https:\/\/cideea.org\/wp-content\/uploads\/2025\/01\/salmon-fishing-farm-pools-in-faroe-islands-fjords-2023-11-27-05-18-33-utc-scaled.jpg 2560w, https:\/\/cideea.org\/wp-content\/uploads\/2025\/01\/salmon-fishing-farm-pools-in-faroe-islands-fjords-2023-11-27-05-18-33-utc-1280x854.jpg 1280w, https:\/\/cideea.org\/wp-content\/uploads\/2025\/01\/salmon-fishing-farm-pools-in-faroe-islands-fjords-2023-11-27-05-18-33-utc-980x653.jpg 980w, https:\/\/cideea.org\/wp-content\/uploads\/2025\/01\/salmon-fishing-farm-pools-in-faroe-islands-fjords-2023-11-27-05-18-33-utc-480x320.jpg 480w\" sizes=\"(min-width: 0px) and (max-width: 480px) 480px, (min-width: 481px) and (max-width: 980px) 980px, (min-width: 981px) and (max-width: 1280px) 1280px, (min-width: 1281px) 2560px, 100vw\" \/>\t\t\t\t\t\t\t\t\t\t\t\t\t<\/div>\n\t\t\t\t<\/div>\n\t\t\t\t<div class=\"elementor-element elementor-element-d008772 elementor-widget elementor-widget-heading\" data-id=\"d008772\" data-element_type=\"widget\" data-widget_type=\"heading.default\">\n\t\t\t\t<div class=\"elementor-widget-container\">\n\t\t\t<h2 class=\"elementor-heading-title elementor-size-default\">PRODUCCI\u00d3N, CONSUMO Y COMERCIO INTERNACIONAL DE PRODUCTOS PESQUEROS: REALIDAD, DESAF\u00cdOS Y PERSPECTIVAS \u200b<\/h2>\t\t<\/div>\n\t\t\t\t<\/div>\n\t\t\t\t<div class=\"elementor-element elementor-element-42be877 elementor-widget elementor-widget-heading\" data-id=\"42be877\" data-element_type=\"widget\" data-widget_type=\"heading.default\">\n\t\t\t\t<div class=\"elementor-widget-container\">\n\t\t\t<h2 class=\"elementor-heading-title elementor-size-default\">By: Carlos Wurmann G<\/h2>\t\t<\/div>\n\t\t\t\t<\/div>\n\t\t\t\t<div class=\"elementor-element elementor-element-87324c2 elementor-align-center elementor-widget elementor-widget-button\" data-id=\"87324c2\" data-element_type=\"widget\" data-widget_type=\"button.default\">\n\t\t\t\t<div class=\"elementor-widget-container\">\n\t\t\t\t\t\t\t<div class=\"elementor-button-wrapper\">\n\t\t\t\t\t<a class=\"elementor-button elementor-button-link elementor-size-sm elementor-animation-grow\" href=\"https:\/\/cideea.org\/en\/informes-y-estudios\/produccion-consumo-y-comercio-internacional-de-productos-pesqueros-realidad-desafios-y-perspectivas\/\">\n\t\t\t\t\t\t<span class=\"elementor-button-content-wrapper\">\n\t\t\t\t\t\t\t\t\t<span class=\"elementor-button-text\">VER M\u00c1S<\/span>\n\t\t\t\t\t<\/span>\n\t\t\t\t\t<\/a>\n\t\t\t\t<\/div>\n\t\t\t\t\t\t<\/div>\n\t\t\t\t<\/div>\n\t\t\t\t<\/div>\n\t\t<div class=\"elementor-element elementor-element-010870b e-con-full e-flex e-con e-child\" data-id=\"010870b\" data-element_type=\"container\" data-settings=\"{&quot;background_background&quot;:&quot;classic&quot;}\">\n\t\t\t\t<div class=\"elementor-element elementor-element-407ade9 elementor-widget__width-inherit elementor-widget elementor-widget-image\" data-id=\"407ade9\" data-element_type=\"widget\" data-widget_type=\"image.default\">\n\t\t\t\t<div class=\"elementor-widget-container\">\n\t\t\t\t\t\t\t\t\t\t\t\t\t<img loading=\"lazy\" decoding=\"async\" width=\"2560\" height=\"1285\" src=\"https:\/\/cideea.org\/wp-content\/uploads\/2025\/01\/fish-farm-near-sandavagur-village-on-vagar-island-2023-11-27-05-20-23-utc-scaled.jpg\" class=\"attachment-full size-full wp-image-1810\" alt=\"\" srcset=\"https:\/\/cideea.org\/wp-content\/uploads\/2025\/01\/fish-farm-near-sandavagur-village-on-vagar-island-2023-11-27-05-20-23-utc-scaled.jpg 2560w, https:\/\/cideea.org\/wp-content\/uploads\/2025\/01\/fish-farm-near-sandavagur-village-on-vagar-island-2023-11-27-05-20-23-utc-1280x643.jpg 1280w, https:\/\/cideea.org\/wp-content\/uploads\/2025\/01\/fish-farm-near-sandavagur-village-on-vagar-island-2023-11-27-05-20-23-utc-980x492.jpg 980w, https:\/\/cideea.org\/wp-content\/uploads\/2025\/01\/fish-farm-near-sandavagur-village-on-vagar-island-2023-11-27-05-20-23-utc-480x241.jpg 480w\" sizes=\"auto, (min-width: 0px) and (max-width: 480px) 480px, (min-width: 481px) and (max-width: 980px) 980px, (min-width: 981px) and (max-width: 1280px) 1280px, (min-width: 1281px) 2560px, 100vw\" \/>\t\t\t\t\t\t\t\t\t\t\t\t\t<\/div>\n\t\t\t\t<\/div>\n\t\t\t\t<div class=\"elementor-element elementor-element-b901990 elementor-widget elementor-widget-heading\" data-id=\"b901990\" data-element_type=\"widget\" data-widget_type=\"heading.default\">\n\t\t\t\t<div class=\"elementor-widget-container\">\n\t\t\t<h2 class=\"elementor-heading-title elementor-size-default\">LA ACUICULTURA MUNDIAL EN A\u00d1OS RECIENTES: REALIDADES Y PERSPECTIVA MUNDIAL Y LATINOAMERICANA\/DEL CARIBE<\/h2>\t\t<\/div>\n\t\t\t\t<\/div>\n\t\t\t\t<div class=\"elementor-element elementor-element-58cb334 elementor-widget elementor-widget-heading\" data-id=\"58cb334\" data-element_type=\"widget\" data-widget_type=\"heading.default\">\n\t\t\t\t<div class=\"elementor-widget-container\">\n\t\t\t<h2 class=\"elementor-heading-title elementor-size-default\">By: Carlos Wurmann G<\/h2>\t\t<\/div>\n\t\t\t\t<\/div>\n\t\t\t\t<div class=\"elementor-element elementor-element-7baeb13 elementor-align-center elementor-widget elementor-widget-button\" data-id=\"7baeb13\" data-element_type=\"widget\" data-widget_type=\"button.default\">\n\t\t\t\t<div class=\"elementor-widget-container\">\n\t\t\t\t\t\t\t<div class=\"elementor-button-wrapper\">\n\t\t\t\t\t<a class=\"elementor-button elementor-button-link elementor-size-sm elementor-animation-grow\" href=\"https:\/\/cideea.org\/en\/informes-y-estudios\/la-acuicultura-mundial-y-en-alc\/\">\n\t\t\t\t\t\t<span class=\"elementor-button-content-wrapper\">\n\t\t\t\t\t\t\t\t\t<span class=\"elementor-button-text\">VER M\u00c1S<\/span>\n\t\t\t\t\t<\/span>\n\t\t\t\t\t<\/a>\n\t\t\t\t<\/div>\n\t\t\t\t\t\t<\/div>\n\t\t\t\t<\/div>\n\t\t\t\t<\/div>\n\t\t\t\t<\/div>\n\t\t\t\t<\/div>\n\t\t<div class=\"elementor-element elementor-element-a58990b e-flex e-con-boxed e-con e-parent\" data-id=\"a58990b\" data-element_type=\"container\">\n\t\t\t\t\t<div class=\"e-con-inner\">\n\t\t\t\t<div class=\"elementor-element elementor-element-1335a50 elementor-widget elementor-widget-html\" data-id=\"1335a50\" data-element_type=\"widget\" data-widget_type=\"html.default\">\n\t\t\t\t<div class=\"elementor-widget-container\">\n\t\t\t<style>\n    \n    html{\n    font-size: 10px !important\n}\n\n@media only screen and (min-width: 769px) and (max-width: 2000px) {\n    \n html{\n    font-size: 7px !important\n}   \n}\n@media only screen and (min-width: 481px) and (max-width: 768px) {\n html{\n    font-size: 4px !important\n} \n}\n@media only screen and (max-width: 480px) {\n\n    html{\n    font-size: 4px !important\n}  \n}\n<\/style>\t\t<\/div>\n\t\t\t\t<\/div>\n\t\t\t\t\t<\/div>\n\t\t\t\t<\/div>\n\t\t\t\t<\/div>","protected":false},"excerpt":{"rendered":"<p>DESCARGA NUESTROS MAS RECIENTES ESTUDIOS E INVESTIGACIONES LA ACUICULTURA EN BRASIL: UNA ACTIVIDAD EN DESARROLLO, CON IMPORTANTES PROMESAS Y GRANDES DESAF\u00cdOS \u200b Por: Carlos Wurmann G VER M\u00c1S LA PESCA Y ACUICULTURA CHILENA: TREINTA A\u00d1OS DE ACTIVIDADES, DESENCANTOS Y PROGRESOS Por: Carlos Wurmann G VER M\u00c1S PRODUCCI\u00d3N, CONSUMO Y COMERCIO INTERNACIONAL DE PRODUCTOS PESQUEROS: REALIDAD, [&hellip;]<\/p>","protected":false},"author":1,"featured_media":0,"parent":0,"menu_order":0,"comment_status":"closed","ping_status":"closed","template":"elementor_header_footer","meta":{"_et_pb_use_builder":"","_et_pb_old_content":"","_et_gb_content_width":"","footnotes":""},"class_list":["post-1525","page","type-page","status-publish","hentry"],"yoast_head":"<!-- This site is optimized with the Yoast SEO plugin v21.8 - https:\/\/yoast.com\/wordpress\/plugins\/seo\/ -->\n<title>Informes y Estudios - CIDEEA<\/title>\n<meta name=\"robots\" content=\"index, follow, max-snippet:-1, max-image-preview:large, max-video-preview:-1\" \/>\n<link rel=\"canonical\" href=\"https:\/\/cideea.org\/en\/informes-y-estudios\/\" \/>\n<meta property=\"og:locale\" content=\"en_US\" \/>\n<meta property=\"og:type\" content=\"article\" \/>\n<meta property=\"og:title\" content=\"Informes y Estudios - CIDEEA\" \/>\n<meta property=\"og:description\" content=\"DESCARGA NUESTROS MAS RECIENTES ESTUDIOS E INVESTIGACIONES LA ACUICULTURA EN BRASIL: UNA ACTIVIDAD EN DESARROLLO, CON IMPORTANTES PROMESAS Y GRANDES DESAF\u00cdOS \u200b Por: Carlos Wurmann G VER M\u00c1S LA PESCA Y ACUICULTURA CHILENA: TREINTA A\u00d1OS DE ACTIVIDADES, DESENCANTOS Y PROGRESOS Por: Carlos Wurmann G VER M\u00c1S PRODUCCI\u00d3N, CONSUMO Y COMERCIO INTERNACIONAL DE PRODUCTOS PESQUEROS: REALIDAD, [&hellip;]\" \/>\n<meta property=\"og:url\" content=\"https:\/\/cideea.org\/en\/informes-y-estudios\/\" \/>\n<meta property=\"og:site_name\" content=\"CIDEEA\" \/>\n<meta property=\"article:publisher\" content=\"https:\/\/www.facebook.com\/CIDEEA?mibextid=LQQJ4d\" \/>\n<meta property=\"article:modified_time\" content=\"2025-07-09T16:43:47+00:00\" \/>\n<meta property=\"og:image\" content=\"https:\/\/cideea.org\/wp-content\/uploads\/2025\/06\/03a8dacd-72a0-4616-852c-1076280dab57.jpeg\" \/>\n<meta name=\"twitter:card\" content=\"summary_large_image\" \/>\n<meta name=\"twitter:label1\" content=\"Est. reading time\" \/>\n\t<meta name=\"twitter:data1\" content=\"2 minutes\" \/>\n<script type=\"application\/ld+json\" class=\"yoast-schema-graph\">{\"@context\":\"https:\/\/schema.org\",\"@graph\":[{\"@type\":\"WebPage\",\"@id\":\"https:\/\/cideea.org\/informes-y-estudios\/\",\"url\":\"https:\/\/cideea.org\/informes-y-estudios\/\",\"name\":\"Informes y Estudios - CIDEEA\",\"isPartOf\":{\"@id\":\"https:\/\/cideea.org\/#website\"},\"datePublished\":\"2024-12-08T22:40:30+00:00\",\"dateModified\":\"2025-07-09T16:43:47+00:00\",\"breadcrumb\":{\"@id\":\"https:\/\/cideea.org\/informes-y-estudios\/#breadcrumb\"},\"inLanguage\":\"en-US\",\"potentialAction\":[{\"@type\":\"ReadAction\",\"target\":[\"https:\/\/cideea.org\/informes-y-estudios\/\"]}]},{\"@type\":\"BreadcrumbList\",\"@id\":\"https:\/\/cideea.org\/informes-y-estudios\/#breadcrumb\",\"itemListElement\":[{\"@type\":\"ListItem\",\"position\":1,\"name\":\"Portada\",\"item\":\"https:\/\/cideea.org\/\"},{\"@type\":\"ListItem\",\"position\":2,\"name\":\"Informes y Estudios\"}]},{\"@type\":\"WebSite\",\"@id\":\"https:\/\/cideea.org\/#website\",\"url\":\"https:\/\/cideea.org\/\",\"name\":\"CIDEEA\",\"description\":\"\",\"publisher\":{\"@id\":\"https:\/\/cideea.org\/#organization\"},\"potentialAction\":[{\"@type\":\"SearchAction\",\"target\":{\"@type\":\"EntryPoint\",\"urlTemplate\":\"https:\/\/cideea.org\/?s={search_term_string}\"},\"query-input\":\"required name=search_term_string\"}],\"inLanguage\":\"en-US\"},{\"@type\":\"Organization\",\"@id\":\"https:\/\/cideea.org\/#organization\",\"name\":\"CIDEEA\",\"url\":\"https:\/\/cideea.org\/\",\"logo\":{\"@type\":\"ImageObject\",\"inLanguage\":\"en-US\",\"@id\":\"https:\/\/cideea.org\/#\/schema\/logo\/image\/\",\"url\":\"https:\/\/cideea.org\/wp-content\/uploads\/2023\/10\/Diseno-sin-titulo-1.png\",\"contentUrl\":\"https:\/\/cideea.org\/wp-content\/uploads\/2023\/10\/Diseno-sin-titulo-1.png\",\"width\":371,\"height\":358,\"caption\":\"CIDEEA\"},\"image\":{\"@id\":\"https:\/\/cideea.org\/#\/schema\/logo\/image\/\"},\"sameAs\":[\"https:\/\/www.facebook.com\/CIDEEA?mibextid=LQQJ4d\",\"https:\/\/www.instagram.com\/cideeapanama?igsh=YWdmN252MmN1bWdr\",\"https:\/\/www.linkedin.com\/company\/cideea\/\",\"https:\/\/youtube.com\/@cideeapanama?si=WKpS-inJ__9SwUni\"]}]}<\/script>\n<!-- \/ Yoast SEO plugin. -->","yoast_head_json":{"title":"Informes y Estudios - CIDEEA","robots":{"index":"index","follow":"follow","max-snippet":"max-snippet:-1","max-image-preview":"max-image-preview:large","max-video-preview":"max-video-preview:-1"},"canonical":"https:\/\/cideea.org\/en\/informes-y-estudios\/","og_locale":"en_US","og_type":"article","og_title":"Informes y Estudios - CIDEEA","og_description":"DESCARGA NUESTROS MAS RECIENTES ESTUDIOS E INVESTIGACIONES LA ACUICULTURA EN BRASIL: UNA ACTIVIDAD EN DESARROLLO, CON IMPORTANTES PROMESAS Y GRANDES DESAF\u00cdOS \u200b Por: Carlos Wurmann G VER M\u00c1S LA PESCA Y ACUICULTURA CHILENA: TREINTA A\u00d1OS DE ACTIVIDADES, DESENCANTOS Y PROGRESOS Por: Carlos Wurmann G VER M\u00c1S PRODUCCI\u00d3N, CONSUMO Y COMERCIO INTERNACIONAL DE PRODUCTOS PESQUEROS: REALIDAD, [&hellip;]","og_url":"https:\/\/cideea.org\/en\/informes-y-estudios\/","og_site_name":"CIDEEA","article_publisher":"https:\/\/www.facebook.com\/CIDEEA?mibextid=LQQJ4d","article_modified_time":"2025-07-09T16:43:47+00:00","og_image":[{"url":"https:\/\/cideea.org\/wp-content\/uploads\/2025\/06\/03a8dacd-72a0-4616-852c-1076280dab57.jpeg"}],"twitter_card":"summary_large_image","twitter_misc":{"Est. reading time":"2 minutes"},"schema":{"@context":"https:\/\/schema.org","@graph":[{"@type":"WebPage","@id":"https:\/\/cideea.org\/informes-y-estudios\/","url":"https:\/\/cideea.org\/informes-y-estudios\/","name":"Informes y Estudios - CIDEEA","isPartOf":{"@id":"https:\/\/cideea.org\/#website"},"datePublished":"2024-12-08T22:40:30+00:00","dateModified":"2025-07-09T16:43:47+00:00","breadcrumb":{"@id":"https:\/\/cideea.org\/informes-y-estudios\/#breadcrumb"},"inLanguage":"en-US","potentialAction":[{"@type":"ReadAction","target":["https:\/\/cideea.org\/informes-y-estudios\/"]}]},{"@type":"BreadcrumbList","@id":"https:\/\/cideea.org\/informes-y-estudios\/#breadcrumb","itemListElement":[{"@type":"ListItem","position":1,"name":"Portada","item":"https:\/\/cideea.org\/"},{"@type":"ListItem","position":2,"name":"Informes y Estudios"}]},{"@type":"WebSite","@id":"https:\/\/cideea.org\/#website","url":"https:\/\/cideea.org\/","name":"CIDEEA","description":"","publisher":{"@id":"https:\/\/cideea.org\/#organization"},"potentialAction":[{"@type":"SearchAction","target":{"@type":"EntryPoint","urlTemplate":"https:\/\/cideea.org\/?s={search_term_string}"},"query-input":"required name=search_term_string"}],"inLanguage":"en-US"},{"@type":"Organization","@id":"https:\/\/cideea.org\/#organization","name":"CIDEEA","url":"https:\/\/cideea.org\/","logo":{"@type":"ImageObject","inLanguage":"en-US","@id":"https:\/\/cideea.org\/#\/schema\/logo\/image\/","url":"https:\/\/cideea.org\/wp-content\/uploads\/2023\/10\/Diseno-sin-titulo-1.png","contentUrl":"https:\/\/cideea.org\/wp-content\/uploads\/2023\/10\/Diseno-sin-titulo-1.png","width":371,"height":358,"caption":"CIDEEA"},"image":{"@id":"https:\/\/cideea.org\/#\/schema\/logo\/image\/"},"sameAs":["https:\/\/www.facebook.com\/CIDEEA?mibextid=LQQJ4d","https:\/\/www.instagram.com\/cideeapanama?igsh=YWdmN252MmN1bWdr","https:\/\/www.linkedin.com\/company\/cideea\/","https:\/\/youtube.com\/@cideeapanama?si=WKpS-inJ__9SwUni"]}]}},"_links":{"self":[{"href":"https:\/\/cideea.org\/en\/wp-json\/wp\/v2\/pages\/1525","targetHints":{"allow":["GET"]}}],"collection":[{"href":"https:\/\/cideea.org\/en\/wp-json\/wp\/v2\/pages"}],"about":[{"href":"https:\/\/cideea.org\/en\/wp-json\/wp\/v2\/types\/page"}],"author":[{"embeddable":true,"href":"https:\/\/cideea.org\/en\/wp-json\/wp\/v2\/users\/1"}],"replies":[{"embeddable":true,"href":"https:\/\/cideea.org\/en\/wp-json\/wp\/v2\/comments?post=1525"}],"version-history":[{"count":64,"href":"https:\/\/cideea.org\/en\/wp-json\/wp\/v2\/pages\/1525\/revisions"}],"predecessor-version":[{"id":2016,"href":"https:\/\/cideea.org\/en\/wp-json\/wp\/v2\/pages\/1525\/revisions\/2016"}],"wp:attachment":[{"href":"https:\/\/cideea.org\/en\/wp-json\/wp\/v2\/media?parent=1525"}],"curies":[{"name":"wp","href":"https:\/\/api.w.org\/{rel}","templated":true}]}}